{"id":642,"date":"2022-06-13T12:55:34","date_gmt":"2022-06-13T10:55:34","guid":{"rendered":"https:\/\/bsw.sklep.pl\/produkt\/silage-load-bag-90-x-20-cm\/"},"modified":"2022-06-13T13:03:23","modified_gmt":"2022-06-13T11:03:23","slug":"worek-obciazeniowy-90-x-20-cm","status":"publish","type":"product","link":"https:\/\/bsw.sklep.pl\/en\/product\/worek-obciazeniowy-90-x-20-cm\/","title":{"rendered":"Silage load bag 90 \u00d7 20 cm"},"content":{"rendered":"<p>A 90 \u00d7 20 cm load bag is the highest quality product used for loading down silage. We offer you silo bags that can be filled up with sand or gravel, allowing for optimal water permeability &#8211; the bag\u2019s content won\u2019t get washed out. Thanks to the proper weaving technology and high-quality materials, this load bag has a very long lifespan.<\/p>\n<p>UV resistance and high-quality production ensures high reusability. The load bag has a stable handle that allows hassle-free transport. These products are resistant to stretching, slipping, and low temperatures. Silo bags shouldn\u2019t be filled up past \u2154 of their capacity. Proper across arrangement of the bags will ensure hermetic sealing, allowing for optimal biomass fermentation processes. W\u0142a\u015bciwy rodzaj folii w po\u0142\u0105czeniu z jej poprawnym u\u0142o\u017ceniem i zabezpieczeniem workami obci\u0105\u017ceniowymi to niezb\u0119dne atrybuty, kt\u00f3re pozwalaj\u0105 na uzyskanie jako\u015bciowej kiszonki. Using the right type of foil and properly laid down\/secured bags is a sure way to get a quality silage.<\/p>\n<p><strong>We invite you to learn more about the product!<\/strong><\/p>\n","protected":false},"excerpt":{"rendered":"<p>A 90 \u00d7 20 cm load bag is the highest quality product used for loading down silage. We offer you silo bags that can be filled up with sand or gravel, allowing for optimal water permeability &#8211; the bag\u2019s content won\u2019t get washed out. Thanks to the proper weaving technology and high-quality materials, this load [&hellip;]<\/p>\n","protected":false},"featured_media":1306,"template":"","meta":{"_acf_changed":false},"product_brand":[],"product_cat":[32],"product_tag":[],"class_list":{"0":"post-642","1":"product","2":"type-product","3":"status-publish","4":"has-post-thumbnail","6":"product_cat-silage-load-bags","8":"first","9":"instock","10":"taxable","11":"shipping-taxable","12":"purchasable","13":"product-type-simple"},"acf":[],"yoast_head":"<!-- This site is optimized with the Yoast SEO plugin v26.4 - https:\/\/yoast.com\/wordpress\/plugins\/seo\/ -->\n<title>Silage Load Bag 90 \u00d7 20 cm | BSW Shop<\/title>\n<meta name=\"description\" content=\"Load bag with dimensions of 90 \u00d7 20 cm. Solid workmanship \ud83d\udc49 Can be used for multiple seasons. High quality \ud83d\udc49 Optimal load down. Check!\" \/>\n<meta name=\"robots\" content=\"index, follow, max-snippet:-1, max-image-preview:large, max-video-preview:-1\" \/>\n<link rel=\"canonical\" href=\"https:\/\/bsw.sklep.pl\/en\/product\/worek-obciazeniowy-90-x-20-cm\/\" \/>\n<meta property=\"og:locale\" content=\"en_US\" \/>\n<meta property=\"og:type\" content=\"article\" \/>\n<meta property=\"og:title\" content=\"Silage Load Bag 90 \u00d7 20 cm | BSW Shop\" \/>\n<meta property=\"og:description\" content=\"Load bag with dimensions of 90 \u00d7 20 cm. Solid workmanship \ud83d\udc49 Can be used for multiple seasons. High quality \ud83d\udc49 Optimal load down. Check!\" \/>\n<meta property=\"og:url\" content=\"https:\/\/bsw.sklep.pl\/en\/product\/worek-obciazeniowy-90-x-20-cm\/\" \/>\n<meta property=\"og:site_name\" content=\"BSW\" \/>\n<meta property=\"article:modified_time\" content=\"2022-06-13T11:03:23+00:00\" \/>\n<meta property=\"og:image\" content=\"https:\/\/bsw.sklep.pl\/wp-content\/uploads\/2022\/06\/worki-obciazeniowe-silosowe.jpg\" \/>\n\t<meta property=\"og:image:width\" content=\"1125\" \/>\n\t<meta property=\"og:image:height\" content=\"844\" \/>\n\t<meta property=\"og:image:type\" content=\"image\/jpeg\" \/>\n<meta name=\"twitter:card\" content=\"summary_large_image\" \/>\n<meta name=\"twitter:label1\" content=\"Est. reading time\" \/>\n\t<meta name=\"twitter:data1\" content=\"1 minute\" \/>\n<script type=\"application\/ld+json\" class=\"yoast-schema-graph\">{\"@context\":\"https:\/\/schema.org\",\"@graph\":[{\"@type\":\"WebPage\",\"@id\":\"https:\/\/bsw.sklep.pl\/en\/product\/worek-obciazeniowy-90-x-20-cm\/\",\"url\":\"https:\/\/bsw.sklep.pl\/en\/product\/worek-obciazeniowy-90-x-20-cm\/\",\"name\":\"Silage Load Bag 90 \u00d7 20 cm | BSW Shop\",\"isPartOf\":{\"@id\":\"https:\/\/bsw.sklep.pl\/en\/#website\"},\"primaryImageOfPage\":{\"@id\":\"https:\/\/bsw.sklep.pl\/en\/product\/worek-obciazeniowy-90-x-20-cm\/#primaryimage\"},\"image\":{\"@id\":\"https:\/\/bsw.sklep.pl\/en\/product\/worek-obciazeniowy-90-x-20-cm\/#primaryimage\"},\"thumbnailUrl\":\"https:\/\/bsw.sklep.pl\/wp-content\/uploads\/2025\/07\/b0f825b3-09e7-4586-9eb7-bdc0f2b80243.png\",\"datePublished\":\"2022-06-13T10:55:34+00:00\",\"dateModified\":\"2022-06-13T11:03:23+00:00\",\"description\":\"Load bag with dimensions of 90 \u00d7 20 cm. Solid workmanship \ud83d\udc49 Can be used for multiple seasons. High quality \ud83d\udc49 Optimal load down. Check!\",\"breadcrumb\":{\"@id\":\"https:\/\/bsw.sklep.pl\/en\/product\/worek-obciazeniowy-90-x-20-cm\/#breadcrumb\"},\"inLanguage\":\"en-US\",\"potentialAction\":[{\"@type\":\"ReadAction\",\"target\":[\"https:\/\/bsw.sklep.pl\/en\/product\/worek-obciazeniowy-90-x-20-cm\/\"]}]},{\"@type\":\"ImageObject\",\"inLanguage\":\"en-US\",\"@id\":\"https:\/\/bsw.sklep.pl\/en\/product\/worek-obciazeniowy-90-x-20-cm\/#primaryimage\",\"url\":\"https:\/\/bsw.sklep.pl\/wp-content\/uploads\/2025\/07\/b0f825b3-09e7-4586-9eb7-bdc0f2b80243.png\",\"contentUrl\":\"https:\/\/bsw.sklep.pl\/wp-content\/uploads\/2025\/07\/b0f825b3-09e7-4586-9eb7-bdc0f2b80243.png\",\"width\":1024,\"height\":1024},{\"@type\":\"BreadcrumbList\",\"@id\":\"https:\/\/bsw.sklep.pl\/en\/product\/worek-obciazeniowy-90-x-20-cm\/#breadcrumb\",\"itemListElement\":[{\"@type\":\"ListItem\",\"position\":1,\"name\":\"BSW\",\"item\":\"https:\/\/bsw.sklep.pl\/en\/\"},{\"@type\":\"ListItem\",\"position\":2,\"name\":\"Shop\",\"item\":\"https:\/\/bsw.sklep.pl\/en\/shop\/\"},{\"@type\":\"ListItem\",\"position\":3,\"name\":\"Silage load bag 90 \u00d7 20 cm\"}]},{\"@type\":\"WebSite\",\"@id\":\"https:\/\/bsw.sklep.pl\/en\/#website\",\"url\":\"https:\/\/bsw.sklep.pl\/en\/\",\"name\":\"BSW\",\"description\":\"Kolejna witryna oparta na WordPressie\",\"potentialAction\":[{\"@type\":\"SearchAction\",\"target\":{\"@type\":\"EntryPoint\",\"urlTemplate\":\"https:\/\/bsw.sklep.pl\/en\/?s={search_term_string}\"},\"query-input\":{\"@type\":\"PropertyValueSpecification\",\"valueRequired\":true,\"valueName\":\"search_term_string\"}}],\"inLanguage\":\"en-US\"}]}<\/script>\n<!-- \/ Yoast SEO plugin. -->","yoast_head_json":{"title":"Silage Load Bag 90 \u00d7 20 cm | BSW Shop","description":"Load bag with dimensions of 90 \u00d7 20 cm. Solid workmanship \ud83d\udc49 Can be used for multiple seasons. High quality \ud83d\udc49 Optimal load down. Check!","robots":{"index":"index","follow":"follow","max-snippet":"max-snippet:-1","max-image-preview":"max-image-preview:large","max-video-preview":"max-video-preview:-1"},"canonical":"https:\/\/bsw.sklep.pl\/en\/product\/worek-obciazeniowy-90-x-20-cm\/","og_locale":"en_US","og_type":"article","og_title":"Silage Load Bag 90 \u00d7 20 cm | BSW Shop","og_description":"Load bag with dimensions of 90 \u00d7 20 cm. Solid workmanship \ud83d\udc49 Can be used for multiple seasons. High quality \ud83d\udc49 Optimal load down. Check!","og_url":"https:\/\/bsw.sklep.pl\/en\/product\/worek-obciazeniowy-90-x-20-cm\/","og_site_name":"BSW","article_modified_time":"2022-06-13T11:03:23+00:00","og_image":[{"width":1125,"height":844,"url":"https:\/\/bsw.sklep.pl\/wp-content\/uploads\/2022\/06\/worki-obciazeniowe-silosowe.jpg","type":"image\/jpeg"}],"twitter_card":"summary_large_image","twitter_misc":{"Est. reading time":"1 minute"},"schema":{"@context":"https:\/\/schema.org","@graph":[{"@type":"WebPage","@id":"https:\/\/bsw.sklep.pl\/en\/product\/worek-obciazeniowy-90-x-20-cm\/","url":"https:\/\/bsw.sklep.pl\/en\/product\/worek-obciazeniowy-90-x-20-cm\/","name":"Silage Load Bag 90 \u00d7 20 cm | BSW Shop","isPartOf":{"@id":"https:\/\/bsw.sklep.pl\/en\/#website"},"primaryImageOfPage":{"@id":"https:\/\/bsw.sklep.pl\/en\/product\/worek-obciazeniowy-90-x-20-cm\/#primaryimage"},"image":{"@id":"https:\/\/bsw.sklep.pl\/en\/product\/worek-obciazeniowy-90-x-20-cm\/#primaryimage"},"thumbnailUrl":"https:\/\/bsw.sklep.pl\/wp-content\/uploads\/2025\/07\/b0f825b3-09e7-4586-9eb7-bdc0f2b80243.png","datePublished":"2022-06-13T10:55:34+00:00","dateModified":"2022-06-13T11:03:23+00:00","description":"Load bag with dimensions of 90 \u00d7 20 cm. Solid workmanship \ud83d\udc49 Can be used for multiple seasons. High quality \ud83d\udc49 Optimal load down. Check!","breadcrumb":{"@id":"https:\/\/bsw.sklep.pl\/en\/product\/worek-obciazeniowy-90-x-20-cm\/#breadcrumb"},"inLanguage":"en-US","potentialAction":[{"@type":"ReadAction","target":["https:\/\/bsw.sklep.pl\/en\/product\/worek-obciazeniowy-90-x-20-cm\/"]}]},{"@type":"ImageObject","inLanguage":"en-US","@id":"https:\/\/bsw.sklep.pl\/en\/product\/worek-obciazeniowy-90-x-20-cm\/#primaryimage","url":"https:\/\/bsw.sklep.pl\/wp-content\/uploads\/2025\/07\/b0f825b3-09e7-4586-9eb7-bdc0f2b80243.png","contentUrl":"https:\/\/bsw.sklep.pl\/wp-content\/uploads\/2025\/07\/b0f825b3-09e7-4586-9eb7-bdc0f2b80243.png","width":1024,"height":1024},{"@type":"BreadcrumbList","@id":"https:\/\/bsw.sklep.pl\/en\/product\/worek-obciazeniowy-90-x-20-cm\/#breadcrumb","itemListElement":[{"@type":"ListItem","position":1,"name":"BSW","item":"https:\/\/bsw.sklep.pl\/en\/"},{"@type":"ListItem","position":2,"name":"Shop","item":"https:\/\/bsw.sklep.pl\/en\/shop\/"},{"@type":"ListItem","position":3,"name":"Silage load bag 90 \u00d7 20 cm"}]},{"@type":"WebSite","@id":"https:\/\/bsw.sklep.pl\/en\/#website","url":"https:\/\/bsw.sklep.pl\/en\/","name":"BSW","description":"Kolejna witryna oparta na WordPressie","potentialAction":[{"@type":"SearchAction","target":{"@type":"EntryPoint","urlTemplate":"https:\/\/bsw.sklep.pl\/en\/?s={search_term_string}"},"query-input":{"@type":"PropertyValueSpecification","valueRequired":true,"valueName":"search_term_string"}}],"inLanguage":"en-US"}]}},"_links":{"self":[{"href":"https:\/\/bsw.sklep.pl\/en\/wp-json\/wp\/v2\/product\/642","targetHints":{"allow":["GET"]}}],"collection":[{"href":"https:\/\/bsw.sklep.pl\/en\/wp-json\/wp\/v2\/product"}],"about":[{"href":"https:\/\/bsw.sklep.pl\/en\/wp-json\/wp\/v2\/types\/product"}],"wp:featuredmedia":[{"embeddable":true,"href":"https:\/\/bsw.sklep.pl\/en\/wp-json\/wp\/v2\/media\/1306"}],"wp:attachment":[{"href":"https:\/\/bsw.sklep.pl\/en\/wp-json\/wp\/v2\/media?parent=642"}],"wp:term":[{"taxonomy":"product_brand","embeddable":true,"href":"https:\/\/bsw.sklep.pl\/en\/wp-json\/wp\/v2\/product_brand?post=642"},{"taxonomy":"product_cat","embeddable":true,"href":"https:\/\/bsw.sklep.pl\/en\/wp-json\/wp\/v2\/product_cat?post=642"},{"taxonomy":"product_tag","embeddable":true,"href":"https:\/\/bsw.sklep.pl\/en\/wp-json\/wp\/v2\/product_tag?post=642"}],"curies":[{"name":"wp","href":"https:\/\/api.w.org\/{rel}","templated":true}]}}